{"id":14,"date":"2019-12-06T11:05:56","date_gmt":"2019-12-06T11:05:56","guid":{"rendered":"http:\/\/2020.kleinheringen.de\/?page_id=14"},"modified":"2019-12-07T17:28:19","modified_gmt":"2019-12-07T17:28:19","slug":"geschichte-des-ortes","status":"publish","type":"page","link":"https:\/\/www.kleinheringen.de\/?page_id=14","title":{"rendered":"Infos zum Ort"},"content":{"rendered":"\n<p><strong>Kleinheringen<\/strong>&nbsp;ist ein&nbsp;Ortsteil&nbsp;von&nbsp;Bad K\u00f6sen, einem&nbsp;Stadtteil&nbsp;der Stadt&nbsp;Naumburg\/Saale&nbsp;im&nbsp;Burgenlandkreis&nbsp;in&nbsp;Sachsen-Anhalt.<br>Seit Januar 2010 geh\u00f6rt der Ortsteil Kleinheringen in Folge der Eingemeindung&nbsp;zur Stadt Naumburg (Saale).<\/p>\n\n\n\n<figure class=\"wp-block-table\"><table class=\"\"><tbody><tr><td>H\u00f6he:<\/td><td>129&nbsp;m&nbsp;\u00fc.&nbsp;NN<\/td><\/tr><tr><td>Einwohner:<\/td><td>66&nbsp;(31.&nbsp;Dez. 2016)<\/td><\/tr><tr><td>Postleitzahl:<\/td><td>06628<\/td><\/tr><tr><td>Vorwahl:<\/td><td>036461<\/td><\/tr><\/tbody><\/table><\/figure>\n\n\n\n<h4 class=\"wp-block-heading\">Verwaltung<\/h4>\n\n\n\n<p><strong>Ortsteilverwaltung Bad&nbsp;K\u00f6sen&nbsp;<\/strong><br><strong>mit den Ortsteilen Schulpforte, Hassenhausen, Punschrau, Fr\u00e4nkenau, Kukulau, Tultewitz, Schieben, R\u00f6digen, Kleinheringen und Saaleck<\/strong><br>Lindenstra\u00dfe 9, 06628 Naumburg (Saale) OT Bad K\u00f6sen<\/p>\n\n\n\n<p><strong>Ortsb\u00fcrgermeister:<\/strong>&nbsp;Holger Fritzsche<\/p>\n\n\n\n<h4 class=\"wp-block-heading\">Radwege und Wandern:<\/h4>\n\n\n\n<ul><li>Der&nbsp;<a href=\"http:\/\/www.blaues-band.de\/saale\/saale-radweg.php\">Saaleradweg<\/a>&nbsp;f\u00fchrt durch Kleinheringen.<\/li><li>Wandern kann man von hieraus zur Rudelsburg und Burg Saaleck.<\/li><\/ul>\n\n\n\n<h4 class=\"wp-block-heading\">Freizeit und Erholung:<\/h4>\n\n\n\n<ul><li>Flo\u00dffahrten werden vom th\u00fcringischen Camburg bis Gro\u00dfheringen durchgef\u00fchrt, Informationen: Wassertouristik Tentscher Camburg, Naumburger Str. 21, 07774 Camburg, Tel. 036421\/22402<\/li><li>Gastst\u00e4tten und Unterk\u00fcnfte:<ul><li><a rel=\"noreferrer noopener\" href=\"http:\/\/www.sonnekalb.de\/\" target=\"_blank\">Museums-Guthof Sonnekalb<\/a>\u00a0(Hotel, Gastronomie, Strohhotel, Museum), Kleinheringen Nr. 4, Tel. 036461 20359<\/li><li><a href=\"https:\/\/www.erlebnisweingut.de\">Weingut Zahn<\/a> (Restraurant, Vinothek), Weinbergstra\u00dfe 16, 99518 Kaatschen, Tel. 034466 20356<\/li><li><a href=\"https:\/\/katuka.de\/\">Katuka Bar<\/a> (Craft-Biergarten), 99518 Kaatschen<\/li><\/ul><\/li><\/ul>\n\n\n\n<h4 class=\"wp-block-heading\">Verkehrsanbindungen:<\/h4>\n\n\n\n<ul><li>Bundesstra\u00dfen:<ul><li>B87 Weimar &#8211; Apolda &#8211; Naumburg &#8211; Wei\u00dfenfels &#8211; Zeitz (ca. 6km entfernt)<\/li><\/ul><\/li><li>Bahnverbindungen:<ul><li>n\u00e4chster Bahnhof in Gro\u00dfheringen (ca. 2km entfernt), Strecke Erfurt &#8211; Weimar &#8211; Naumburg &#8211; Halle und Strecke S\u00f6mmerda &#8211; K\u00f6lleda &#8211; Gro\u00dfheringen (Pfefferminzbahn)<\/li><\/ul><\/li><li>Busverbindungen:<ul><li>Linie 606 nach Bad K\u00f6sen, Schulpforte, Naumburg<\/li><\/ul><\/li><\/ul>\n","protected":false},"excerpt":{"rendered":"<p>Kleinheringen&nbsp;ist ein&nbsp;Ortsteil&nbsp;von&nbsp;Bad K\u00f6sen, einem&nbsp;Stadtteil&nbsp;der Stadt&nbsp;Naumburg\/Saale&nbsp;im&nbsp;Burgenlandkreis&nbsp;in&nbsp;Sachsen-Anhalt.Seit Januar 2010 geh\u00f6rt der Ortsteil Kleinheringen in Folge der Eingemeindung&nbsp;zur Stadt Naumburg (Saale). H\u00f6he: 129&nbsp;m&nbsp;\u00fc.&nbsp;NN Einwohner: 66&nbsp;(31.&nbsp;Dez. 2016) Postleitzahl: 06628 Vorwahl: 036461 Verwaltung Ortsteilverwaltung Bad&nbsp;K\u00f6sen&nbsp;mit den Ortsteilen Schulpforte, Hassenhausen, Punschrau, Fr\u00e4nkenau, Kukulau, Tultewitz, Schieben, R\u00f6digen,<\/p>\n","protected":false},"author":1,"featured_media":0,"parent":0,"menu_order":0,"comment_status":"closed","ping_status":"closed","template":"","meta":{"footnotes":""},"_links":{"self":[{"href":"https:\/\/www.kleinheringen.de\/index.php?rest_route=\/wp\/v2\/pages\/14"}],"collection":[{"href":"https:\/\/www.kleinheringen.de\/index.php?rest_route=\/wp\/v2\/pages"}],"about":[{"href":"https:\/\/www.kleinheringen.de\/index.php?rest_route=\/wp\/v2\/types\/page"}],"author":[{"embeddable":true,"href":"https:\/\/www.kleinheringen.de\/index.php?rest_route=\/wp\/v2\/users\/1"}],"replies":[{"embeddable":true,"href":"https:\/\/www.kleinheringen.de\/index.php?rest_route=%2Fwp%2Fv2%2Fcomments&post=14"}],"version-history":[{"count":5,"href":"https:\/\/www.kleinheringen.de\/index.php?rest_route=\/wp\/v2\/pages\/14\/revisions"}],"predecessor-version":[{"id":457,"href":"https:\/\/www.kleinheringen.de\/index.php?rest_route=\/wp\/v2\/pages\/14\/revisions\/457"}],"wp:attachment":[{"href":"https:\/\/www.kleinheringen.de\/index.php?rest_route=%2Fwp%2Fv2%2Fmedia&parent=14"}],"curies":[{"name":"wp","href":"https:\/\/api.w.org\/{rel}","templated":true}]}}