{"id":518,"date":"2020-07-02T14:21:51","date_gmt":"2020-07-02T14:21:51","guid":{"rendered":"http:\/\/www.kleinheringen.de\/?page_id=518"},"modified":"2020-07-02T14:24:05","modified_gmt":"2020-07-02T14:24:05","slug":"zur-wasserversorgung","status":"publish","type":"page","link":"https:\/\/www.kleinheringen.de\/?page_id=518","title":{"rendered":"Wasserversorgung"},"content":{"rendered":"\n<p>Im Zuge der Industrialisierung wurde die dezentrale Wasserversorgung mittels mehrerer Hausbrunnen und einem Brunnen in der Ortsmitte durch eine zentrale Wasserversorgung mittels Pumpwerk und Hochbeh\u00e4lter ersetzt. Der Gemeinderat Kleinheringen beschlie\u00dft den Bau im Jahr 1897, fertig gestellt wurde der Hochbeh\u00e4lter bereits im Herbst 1898. Dazu wurde ein Kredit aufgenommen, der \u00fcber 40 Jahre bis 1938 abgezahlt werden sollte; 1926 erfolgte die vorzeigte Begleichung.<\/p>\n\n\n\n<div class=\"wp-block-image\"><figure class=\"aligncenter size-large is-resized\"><img loading=\"lazy\" decoding=\"async\" src=\"http:\/\/www.kleinheringen.de\/wp-content\/uploads\/2020\/07\/image-512x1024.png\" alt=\"\" class=\"wp-image-519\" width=\"314\" height=\"628\" srcset=\"https:\/\/www.kleinheringen.de\/wp-content\/uploads\/2020\/07\/image-512x1024.png 512w, https:\/\/www.kleinheringen.de\/wp-content\/uploads\/2020\/07\/image-150x300.png 150w, https:\/\/www.kleinheringen.de\/wp-content\/uploads\/2020\/07\/image.png 640w\" sizes=\"(max-width: 314px) 100vw, 314px\" \/><figcaption>Hochbeh\u00e4lter der Gemeinde Kleinheringen aus dem Jahr 1898, aufgenommen 2019<\/figcaption><\/figure><\/div>\n\n\n\n<p>Das Pumph\u00e4uschen entstand unterhalb des Ortes unweit der Saale, bei dem zuerst per Hand gepumpt wurde (Quelle?). 1927 erstand ein Neubau des Pumpwerks mit Elektromotor, der mehrmals pro Tag Wasser in den Hochbeh\u00e4lter gepumpt hat. 1930 wurde ein Brunnen gebohrt, dessen Wasser in den 1970er Jahren an Qualit\u00e4t aufgrund der Schweinehaltung verloren hat und so 1878 2 weitere Brunnen weiter entfernt vom Ort gebohrt wurden.<\/p>\n\n\n\n<p>Die Wasserleitung war der teuerste Bestandteil des Vorhabens mit 22.000 M veranschlagten Kosten. Sie ist \u00fcber 1,2 km lang, \u00fcberwindet einen H\u00f6henunterschied von 135 Metern und musste zudem noch durch die Saale verlegt werden.<\/p>\n\n\n\n<div class=\"wp-block-image\"><figure class=\"aligncenter size-large is-resized\"><img loading=\"lazy\" decoding=\"async\" src=\"http:\/\/www.kleinheringen.de\/wp-content\/uploads\/2020\/07\/WasserleitungKLH_Hoehenprofil2.png\" alt=\"\" class=\"wp-image-520\" width=\"478\" height=\"554\" srcset=\"https:\/\/www.kleinheringen.de\/wp-content\/uploads\/2020\/07\/WasserleitungKLH_Hoehenprofil2.png 562w, https:\/\/www.kleinheringen.de\/wp-content\/uploads\/2020\/07\/WasserleitungKLH_Hoehenprofil2-259x300.png 259w\" sizes=\"(max-width: 478px) 100vw, 478px\" \/><figcaption>Verlauf der Wasserleitung vom Pumpwerk zum Hochbeh\u00e4lter<\/figcaption><\/figure><\/div>\n\n\n\n<p>2006 wurde die Anlage au\u00dfer Betrieb genommen, nachdem eine neue Wasserleitung von Kaatschen her verlegt und so an die zentrale Wasserversorgung der Apoldaer Wasser GmbH angeschlossen wurde. Sie wurde mit einem Wasserfest eingeweiht.<\/p>\n","protected":false},"excerpt":{"rendered":"<p>Im Zuge der Industrialisierung wurde die dezentrale Wasserversorgung mittels mehrerer Hausbrunnen und einem Brunnen in der Ortsmitte durch eine zentrale Wasserversorgung mittels Pumpwerk und Hochbeh\u00e4lter ersetzt. Der Gemeinderat Kleinheringen beschlie\u00dft den Bau im Jahr 1897, fertig gestellt wurde der Hochbeh\u00e4lter<\/p>\n","protected":false},"author":1,"featured_media":0,"parent":0,"menu_order":0,"comment_status":"closed","ping_status":"closed","template":"","meta":{"footnotes":""},"_links":{"self":[{"href":"https:\/\/www.kleinheringen.de\/index.php?rest_route=\/wp\/v2\/pages\/518"}],"collection":[{"href":"https:\/\/www.kleinheringen.de\/index.php?rest_route=\/wp\/v2\/pages"}],"about":[{"href":"https:\/\/www.kleinheringen.de\/index.php?rest_route=\/wp\/v2\/types\/page"}],"author":[{"embeddable":true,"href":"https:\/\/www.kleinheringen.de\/index.php?rest_route=\/wp\/v2\/users\/1"}],"replies":[{"embeddable":true,"href":"https:\/\/www.kleinheringen.de\/index.php?rest_route=%2Fwp%2Fv2%2Fcomments&post=518"}],"version-history":[{"count":3,"href":"https:\/\/www.kleinheringen.de\/index.php?rest_route=\/wp\/v2\/pages\/518\/revisions"}],"predecessor-version":[{"id":524,"href":"https:\/\/www.kleinheringen.de\/index.php?rest_route=\/wp\/v2\/pages\/518\/revisions\/524"}],"wp:attachment":[{"href":"https:\/\/www.kleinheringen.de\/index.php?rest_route=%2Fwp%2Fv2%2Fmedia&parent=518"}],"curies":[{"name":"wp","href":"https:\/\/api.w.org\/{rel}","templated":true}]}}