{"id":546,"date":"2024-07-05T09:12:04","date_gmt":"2024-07-05T09:12:04","guid":{"rendered":"https:\/\/www.kleinheringen.de\/?page_id=546"},"modified":"2024-07-05T09:32:08","modified_gmt":"2024-07-05T09:32:08","slug":"das-alte-gasthaus","status":"publish","type":"page","link":"https:\/\/www.kleinheringen.de\/?page_id=546","title":{"rendered":"Das alte Gasthaus"},"content":{"rendered":"\n<figure class=\"wp-block-image size-large\"><img loading=\"lazy\" decoding=\"async\" width=\"1024\" height=\"653\" src=\"http:\/\/www.kleinheringen.de\/wp-content\/uploads\/2024\/07\/Postkarte06-1024x653.jpg\" alt=\"\" class=\"wp-image-540\" srcset=\"https:\/\/www.kleinheringen.de\/wp-content\/uploads\/2024\/07\/Postkarte06-1024x653.jpg 1024w, https:\/\/www.kleinheringen.de\/wp-content\/uploads\/2024\/07\/Postkarte06-300x191.jpg 300w, https:\/\/www.kleinheringen.de\/wp-content\/uploads\/2024\/07\/Postkarte06-768x490.jpg 768w, https:\/\/www.kleinheringen.de\/wp-content\/uploads\/2024\/07\/Postkarte06-1536x980.jpg 1536w, https:\/\/www.kleinheringen.de\/wp-content\/uploads\/2024\/07\/Postkarte06-2048x1307.jpg 2048w\" sizes=\"(max-width: 1024px) 100vw, 1024px\" \/><figcaption class=\"wp-element-caption\">Postkartenansicht des Gasthauses<\/figcaption><\/figure>\n\n\n\n<p class=\"has-black-color has-text-color has-link-color wp-elements-b8354133de7f11e4eb316ab2c507b0c5\">Das alte Gasthaus von Kleinheringen hat eine lange Geschichte mit st\u00e4ndig wechselnden Besitzern. Ein Besitzer wurde sogar von Einbrechern ermordert. <br>Fr\u00fcher war es ein beliebtes Lokal mit einem Saal f\u00fcr 100-150 Personen mit etlichen Nebengeb\u00e4uden und einem Schlachthaus. Das Gasthaus wurde um etwa 1855 erbaut von dem Holzh\u00e4ndler Christian Gottlob Wollweber aus Poppel.<br>Der Tanzsaal wurde am 16.08.1885 durch Ludwig Edmund Wollweber erbaut und 1886 die Theke eingerichtet. Der Abriss des Saals erfolgt im Jahr 1999.<br>Die Gastt\u00e4tte befand sich bis 1962 im Erdgeschoss. Ab 1962 bis 1993 diente sie als Gemeinschaftsraum f\u00fcr die Einwohner Kleinheringens.<br>Etwa um 1963 wurde im ehemaligen Schlachthaus eine Konsum-Verkaufsstelle eingerichtet. Sie wurde nach der Wende wieder geschlossen.<\/p>\n\n\n\n<p class=\"has-black-color has-text-color has-link-color wp-elements-8bc993bfb756a80ab7dad3c6cb237d3c\">Die Liste der zahlreichen Besitzer und Schankwirte kann nur noch rekonstruiert werden:<\/p>\n\n\n\n<figure class=\"wp-block-table\"><table class=\"has-black-color has-text-color has-link-color\"><tbody><tr><td>Christian Gottlob Wollweber (08.01.1803 &#8211; 03.04.1860)<\/td><td>1855-1860<\/td><\/tr><tr><td>Ludwig Edmund Wollweber (07.11.1854 &#8211; )<\/td><td>um 1885<\/td><\/tr><tr><td>Trommler<\/td><td>1890<\/td><\/tr><tr><td>Heinrich Drei\u00dfigacker<\/td><td>1892<\/td><\/tr><tr><td>Edmund Kretschmer<\/td><td>1903<\/td><\/tr><tr><td>W. Drei\u00dfigacker<\/td><td>&#8211; 1928<\/td><\/tr><tr><td>Paul Dietsch (1880 &#8211; 06.04.1931)<\/td><td>1930 &#8211; 1931<\/td><\/tr><tr><td>Hermann M\u00fcnzenberg<\/td><td>1931 &#8211; <\/td><\/tr><tr><td>Zimmermann<\/td><td><\/td><\/tr><tr><td>Alfred Prie\u00dfe<\/td><td>&#8211; 1950<\/td><\/tr><tr><td>Schwammberger<\/td><td>1950 &#8211; 1954<\/td><\/tr><tr><td>Hornbach<\/td><td>1954 &#8211; 1962<\/td><\/tr><tr><td>Gemeinde Kleinheringen<\/td><td>1962 &#8211; 1993<\/td><\/tr><tr><td>Privat<\/td><td>ab 1993<\/td><\/tr><\/tbody><\/table><figcaption class=\"wp-element-caption\">Besitzer und Schankwirte des alten Gasthauses Kleinheringen<\/figcaption><\/figure>\n\n\n\n<h2 class=\"wp-block-heading\">Das Osterverbrechen 1931<\/h2>\n\n\n\n<p class=\"has-black-color has-text-color has-link-color wp-elements-a4a20435250733ed71aefbe11c93d7b7\">Aus einem Zeitungsbericht hei\u00dft es: &#8222;Aufkl\u00e4rung des Osterverbrechens in Kleinheringen. Die T\u00e4ter \u00fcberf\u00fchrt und gest\u00e4ndig und dem Amtsgerichtsgef\u00e4ngnis Apolda zugef\u00fchrt.<br>Bad Sulza. Nachdem am Dienstag Nachmittag die Untersuchungen in dieser dunklen Angelegenheit such auch auf unsere Stadt und Nachbarorte erstreckten, ist es nach eifriger, fieberhafter T\u00e4tigkeit den mit der Bearbeitung beauftragten Beamten heute Mittwoch im Laufe des Vormittags nach anstrengender Nachtarbeit gelungen, volles Licht in die Sache zu bringen, die T\u00e4ter zu \u00fcberf\u00fchren und zum Gest\u00e4ndnis zu bewegen. Das Hauptverdienst dieser schnellen Kl\u00e4rung der verwickelten und verzweigten Geschichte, liegt in dem rastlosen einm\u00fctigen Zusammenarbeiten der th\u00fcringischen und preu\u00dfischen Beamten.<br>Die Th\u00fcr. Landeskriminalpolizeistelle Weimar teilt uns hierzu mit: &#8222;Als T\u00e4ter Edwin Zanke und Fritz Eckert aus Bad Sulza ermittelt und dem Amtsgerichtsgef\u00e4ngnis Apolda zugef\u00fchrt. \u00dcber den dritten Mitbeteiligten schweben noch Ermittlungen. Eigent\u00fcmer der Waffe ist Edwin Franke. Den t\u00f6tlichen Schuss hat Fritz Eckert abgegeben.&#8220;<br>Wie wir h\u00f6ren, kommt als Dritter ein in der Eckartsbergaer Stra\u00dfe wohnender Arbeiter in Frage. Den eigentlichen Plan zum Einbruch soll ein im Dietsch&#8217;schen Gesch\u00e4fte besch\u00e4ftigt gewesener Fleischer, der fr\u00fcher in Bad Sulza selbstst\u00e4ndig gewesen ist und auch jetzt noch mit Dietsch in Gesch\u00e4ftsbeziehungen stand, entworfen haben. Auch er wurde verhaftet und dem zust\u00e4ndigen Amtsgerichtsgef\u00e4ngnis zugef\u00fchrt.&#8220;<br>Ein paar Tage sp\u00e4ter, am 11.04.1932, vermeldet die Th\u00fcringer Rundschau: &#8222;Bad Sulza, 11. April. Bei dem n\u00e4chtlichen Einbruch bei Gastwirt Dietsch in Kleinheringen war auch der Vorsitzende der Kommunistischen Partei, Gro\u00dfe, beteiligt, der seit der Tat gefl\u00fcchtet war. Gro\u00dfe, von dem man zun\u00e4chst annahm, er habe sich nach Ru\u00dfland gewendet, hat sich der Polizei freiwillig gestellt.&#8220;<\/p>\n\n\n<div class=\"wp-block-image\">\n<figure class=\"aligncenter size-large is-resized\"><img loading=\"lazy\" decoding=\"async\" width=\"1024\" height=\"851\" src=\"https:\/\/www.kleinheringen.de\/wp-content\/uploads\/2024\/07\/Gasthaus1-1-1024x851.jpg\" alt=\"\" class=\"wp-image-548\" style=\"width:600px\" srcset=\"https:\/\/www.kleinheringen.de\/wp-content\/uploads\/2024\/07\/Gasthaus1-1-1024x851.jpg 1024w, https:\/\/www.kleinheringen.de\/wp-content\/uploads\/2024\/07\/Gasthaus1-1-300x249.jpg 300w, https:\/\/www.kleinheringen.de\/wp-content\/uploads\/2024\/07\/Gasthaus1-1-768x638.jpg 768w, https:\/\/www.kleinheringen.de\/wp-content\/uploads\/2024\/07\/Gasthaus1-1-1536x1276.jpg 1536w, https:\/\/www.kleinheringen.de\/wp-content\/uploads\/2024\/07\/Gasthaus1-1-2048x1702.jpg 2048w\" sizes=\"(max-width: 1024px) 100vw, 1024px\" \/><figcaption class=\"wp-element-caption\">Traueranzeige von Paul Dietsch<\/figcaption><\/figure><\/div>","protected":false},"excerpt":{"rendered":"<p>Das alte Gasthaus von Kleinheringen hat eine lange Geschichte mit st\u00e4ndig wechselnden Besitzern. Ein Besitzer wurde sogar von Einbrechern ermordert. Fr\u00fcher war es ein beliebtes Lokal mit einem Saal f\u00fcr 100-150 Personen mit etlichen Nebengeb\u00e4uden und einem Schlachthaus. Das Gasthaus<\/p>\n","protected":false},"author":1,"featured_media":0,"parent":0,"menu_order":0,"comment_status":"closed","ping_status":"closed","template":"","meta":{"footnotes":""},"_links":{"self":[{"href":"https:\/\/www.kleinheringen.de\/index.php?rest_route=\/wp\/v2\/pages\/546"}],"collection":[{"href":"https:\/\/www.kleinheringen.de\/index.php?rest_route=\/wp\/v2\/pages"}],"about":[{"href":"https:\/\/www.kleinheringen.de\/index.php?rest_route=\/wp\/v2\/types\/page"}],"author":[{"embeddable":true,"href":"https:\/\/www.kleinheringen.de\/index.php?rest_route=\/wp\/v2\/users\/1"}],"replies":[{"embeddable":true,"href":"https:\/\/www.kleinheringen.de\/index.php?rest_route=%2Fwp%2Fv2%2Fcomments&post=546"}],"version-history":[{"count":2,"href":"https:\/\/www.kleinheringen.de\/index.php?rest_route=\/wp\/v2\/pages\/546\/revisions"}],"predecessor-version":[{"id":556,"href":"https:\/\/www.kleinheringen.de\/index.php?rest_route=\/wp\/v2\/pages\/546\/revisions\/556"}],"wp:attachment":[{"href":"https:\/\/www.kleinheringen.de\/index.php?rest_route=%2Fwp%2Fv2%2Fmedia&parent=546"}],"curies":[{"name":"wp","href":"https:\/\/api.w.org\/{rel}","templated":true}]}}